{"id":3874,"date":"2023-03-23T13:16:05","date_gmt":"2023-03-23T13:16:05","guid":{"rendered":"https:\/\/www.solar-system.ro\/?page_id=3874"},"modified":"2023-03-23T16:36:43","modified_gmt":"2023-03-23T16:36:43","slug":"invertor-on-grid-trifazat-growatt-max100125ktl3-lv","status":"publish","type":"page","link":"https:\/\/www.solar-system.ro\/?page_id=3874","title":{"rendered":"Invertor On Grid Trifazat Growatt MAX100~125KTL3 LV"},"content":{"rendered":"\n<div class=\"section-wrapper\" data-id=\"IPVHRo\"><section class=\"wp-block-gutenverse-section guten-element guten-section guten-IPVHRo layout-boxed align-stretch\"><div class=\"guten-background-overlay\"><\/div><div class=\"guten-shape-divider guten-shape-divider-top\"><\/div><div class=\"guten-shape-divider guten-shape-divider-bottom\"><\/div><div class=\"guten-container guten-column-gap-default\">\n<div class=\"wp-block-gutenverse-column guten-element guten-column guten-CqHqRc\"><div class=\"guten-background-overlay\"><\/div><div class=\"sticky-wrapper\" data-id=\"CqHqRc\"><div class=\"guten-column-wrapper\">\n<figure class=\"wp-block-image size-full\"><img decoding=\"async\" loading=\"lazy\" width=\"800\" height=\"800\" src=\"https:\/\/www.solar-system.ro\/wp-content\/uploads\/2023\/03\/1-100KW.jpg\" alt=\"\" class=\"wp-image-3878\" srcset=\"https:\/\/www.solar-system.ro\/wp-content\/uploads\/2023\/03\/1-100KW-150x150.jpg 150w, https:\/\/www.solar-system.ro\/wp-content\/uploads\/2023\/03\/1-100KW-300x300.jpg 300w, https:\/\/www.solar-system.ro\/wp-content\/uploads\/2023\/03\/1-100KW-768x768.jpg 768w, https:\/\/www.solar-system.ro\/wp-content\/uploads\/2023\/03\/1-100KW.jpg 800w\" sizes=\"(max-width: 800px) 100vw, 800px\" \/><\/figure>\n<\/div><\/div><\/div>\n\n\n\n<div class=\"wp-block-gutenverse-column guten-element guten-column guten-He8rMH\"><div class=\"guten-background-overlay\"><\/div><div class=\"sticky-wrapper\" data-id=\"He8rMH\"><div class=\"guten-column-wrapper\">\n<ul>\n<li>Randamente ridicate\n<ul>\n<li><strong>10 MPPT-uri<\/strong><\/li>\n\n\n\n<li>Max.&nbsp;eficient\u0103 de p\u00e2n\u0103 la 98%<\/li>\n\n\n\n<li>3 faze<\/li>\n\n\n\n<li>Interfa\u021b\u0103 WIFI \/ 4G<\/li>\n\n\n\n<li>Scanare \u0219i diagnosticare Smart I\/V<\/li>\n<\/ul>\n<\/li>\n\n\n\n<li>Siguran\u021b\u0103 \u0219i fiabilitate\n<ul>\n<li>Protec\u021bie la supratensiune AC\/DC de tip II<\/li>\n\n\n\n<li>Func\u021bie integrat\u0103 anti-PID \u0219i AFCI op\u021bional\u0103<\/li>\n\n\n\n<li>Grad de protectie IP66<\/li>\n<\/ul>\n<\/li>\n\n\n\n<li>5 ANI GARANTIE\n<ul>\n<li>Ideale pentru acoperi\u0219uri comerciale \u0219i proiecte mari de distribu\u021bie<\/li>\n\n\n\n<li><strong>Posibiliate extindere garan\u021bie pe situl produc\u0103torului<\/strong><\/li>\n<\/ul>\n<\/li>\n<\/ul>\n<\/div><\/div><\/div>\n<\/div><\/section><\/div>\n\n\n\n<div class=\"section-wrapper\" data-id=\"3T1MZK\"><section class=\"wp-block-gutenverse-section guten-element guten-section guten-3T1MZK layout-boxed align-stretch\"><div class=\"guten-background-overlay\"><\/div><div class=\"guten-shape-divider guten-shape-divider-top\"><\/div><div class=\"guten-shape-divider guten-shape-divider-bottom\"><\/div><div class=\"guten-container guten-column-gap-default\">\n<div class=\"wp-block-gutenverse-column guten-element guten-column guten-kFfyxY\"><div class=\"guten-background-overlay\"><\/div><div class=\"sticky-wrapper\" data-id=\"kFfyxY\"><div class=\"guten-column-wrapper\">\n<div class=\"wp-block-gutenverse-divider guten-element guten-divider guten-d5Hmpu\"><div class=\"guten-divider-wrapper\"><div class=\"guten-divider-default guten-divider-line guten-divider-regular\"><\/div><\/div><\/div>\n<\/div><\/div><\/div>\n<\/div><\/section><\/div>\n\n\n\n<div class=\"section-wrapper\" data-id=\"FBPzs7\"><section class=\"wp-block-gutenverse-section guten-element guten-section guten-FBPzs7 layout-boxed align-stretch\"><div class=\"guten-background-overlay\"><\/div><div class=\"guten-shape-divider guten-shape-divider-top\"><\/div><div class=\"guten-shape-divider guten-shape-divider-bottom\"><\/div><div class=\"guten-container guten-column-gap-default\">\n<div class=\"wp-block-gutenverse-column guten-element guten-column guten-abpGxn\"><div class=\"guten-background-overlay\"><\/div><div class=\"sticky-wrapper\" data-id=\"abpGxn\"><div class=\"guten-column-wrapper\">\n<div class=\"guten-element guten-advanced-heading guten-ssdmc7\"><div class=\"heading-section \"><h5 class=\"heading-title\">Consult\u0103 fisa tehnic\u0103 \u0219i manualul de utilizare<span class=\"heading-focus\"><\/span><\/h5><\/div><\/div>\n<\/div><\/div><\/div>\n\n\n\n<div class=\"wp-block-gutenverse-column guten-element guten-column guten-SVz4vf\"><div class=\"guten-background-overlay\"><\/div><div class=\"sticky-wrapper\" data-id=\"SVz4vf\"><div class=\"guten-column-wrapper\">\n<div class=\"guten-element guten-button-wrapper guten-s4Upze\"><a class=\"guten-button animated guten-element-hide desktop-slideInLeft guten-button-sm\" href=\"http:\/\/www.solar-system.ro\/wp-content\/uploads\/2023\/03\/MAX100_125KTL3-X-LV-Datasheet-inverter.pdf\"><span>Fisa Tehnica<\/span><\/a><\/div>\n<\/div><\/div><\/div>\n\n\n\n<div class=\"wp-block-gutenverse-column guten-element guten-column guten-5TRwKT\"><div class=\"guten-background-overlay\"><\/div><div class=\"sticky-wrapper\" data-id=\"5TRwKT\"><div class=\"guten-column-wrapper\">\n<div class=\"guten-element guten-button-wrapper guten-s4Upze\"><a class=\"guten-button animated guten-element-hide desktop-fadeInRight guten-button-sm\" href=\"#\"><span>Manual De Utilizare<\/span><\/a><\/div>\n<\/div><\/div><\/div>\n<\/div><\/section><\/div>\n\n\n\n<div class=\"section-wrapper\" data-id=\"lA6s9X\"><section class=\"wp-block-gutenverse-section guten-element guten-section guten-lA6s9X layout-boxed align-stretch\"><div class=\"guten-background-overlay\"><\/div><div class=\"guten-shape-divider guten-shape-divider-top\"><\/div><div class=\"guten-shape-divider guten-shape-divider-bottom\"><\/div><div class=\"guten-container guten-column-gap-default\">\n<div class=\"wp-block-gutenverse-column guten-element guten-column guten-fFsHh4\"><div class=\"guten-background-overlay\"><\/div><div class=\"sticky-wrapper\" data-id=\"fFsHh4\"><div class=\"guten-column-wrapper\"><\/div><\/div><\/div>\n\n\n\n<div class=\"wp-block-gutenverse-column guten-element guten-column guten-XyeslO\"><div class=\"guten-background-overlay\"><\/div><div class=\"sticky-wrapper\" data-id=\"XyeslO\"><div class=\"guten-column-wrapper\"><\/div><\/div><\/div>\n<\/div><\/section><\/div>\n\n\n\n<div class=\"section-wrapper\" data-id=\"SNQTh2\"><section class=\"wp-block-gutenverse-section guten-element guten-section guten-SNQTh2 layout-boxed align-stretch\"><div class=\"guten-background-overlay\"><\/div><div class=\"guten-shape-divider guten-shape-divider-top\"><\/div><div class=\"guten-shape-divider guten-shape-divider-bottom\"><\/div><div class=\"guten-container guten-column-gap-default\">\n<div class=\"wp-block-gutenverse-column guten-element guten-column guten-Ka24tz\"><div class=\"guten-background-overlay\"><\/div><div class=\"sticky-wrapper\" data-id=\"Ka24tz\"><div class=\"guten-column-wrapper\">\n<figure class=\"is-layout-flex wp-block-gallery-1 wp-block-gallery has-nested-images columns-default is-cropped\">\n<figure class=\"wp-block-image size-full is-style-default\"><img decoding=\"async\" loading=\"lazy\" width=\"750\" height=\"792\" src=\"http:\/\/www.solar-system.ro\/wp-content\/uploads\/2023\/03\/\u2563n\u2502\u2560\u2550\u255d.jpg\" alt=\"\" class=\"wp-image-3850\" srcset=\"https:\/\/www.solar-system.ro\/wp-content\/uploads\/2023\/03\/\u2563n\u2502\u2560\u2550\u255d-284x300.jpg 284w, https:\/\/www.solar-system.ro\/wp-content\/uploads\/2023\/03\/\u2563n\u2502\u2560\u2550\u255d.jpg 750w\" sizes=\"(max-width: 750px) 100vw, 750px\" \/><\/figure>\n\n\n\n<figure class=\"wp-block-image size-full is-style-default\"><img decoding=\"async\" loading=\"lazy\" width=\"800\" height=\"800\" src=\"https:\/\/www.solar-system.ro\/wp-content\/uploads\/2023\/03\/5-1.jpg\" alt=\"\" class=\"wp-image-3847\" srcset=\"https:\/\/www.solar-system.ro\/wp-content\/uploads\/2023\/03\/5-1-150x150.jpg 150w, https:\/\/www.solar-system.ro\/wp-content\/uploads\/2023\/03\/5-1-300x300.jpg 300w, https:\/\/www.solar-system.ro\/wp-content\/uploads\/2023\/03\/5-1-768x768.jpg 768w, https:\/\/www.solar-system.ro\/wp-content\/uploads\/2023\/03\/5-1.jpg 800w\" sizes=\"(max-width: 800px) 100vw, 800px\" \/><\/figure>\n\n\n\n<figure class=\"wp-block-image size-full is-style-default\"><img decoding=\"async\" loading=\"lazy\" width=\"800\" height=\"800\" src=\"https:\/\/www.solar-system.ro\/wp-content\/uploads\/2023\/03\/4.jpg\" alt=\"\" class=\"wp-image-3848\" srcset=\"https:\/\/www.solar-system.ro\/wp-content\/uploads\/2023\/03\/4-150x150.jpg 150w, https:\/\/www.solar-system.ro\/wp-content\/uploads\/2023\/03\/4-300x300.jpg 300w, https:\/\/www.solar-system.ro\/wp-content\/uploads\/2023\/03\/4-768x768.jpg 768w, https:\/\/www.solar-system.ro\/wp-content\/uploads\/2023\/03\/4.jpg 800w\" sizes=\"(max-width: 800px) 100vw, 800px\" \/><\/figure>\n<\/figure>\n<\/div><\/div><\/div>\n<\/div><\/section><\/div>\n","protected":false},"excerpt":{"rendered":"","protected":false},"author":1,"featured_media":0,"parent":0,"menu_order":0,"comment_status":"closed","ping_status":"closed","template":"","meta":{"om_disable_all_campaigns":false,"_mi_skip_tracking":false},"aioseo_notices":[],"yoast_head":"<!-- This site is optimized with the Yoast SEO plugin v20.4 - https:\/\/yoast.com\/wordpress\/plugins\/seo\/ -->\n<title>Invertor On Grid Trifazat Growatt MAX100~125KTL3 LV - Solar Fotovoltaic System<\/title>\n<meta name=\"robots\" content=\"index, follow, max-snippet:-1, max-image-preview:large, max-video-preview:-1\" \/>\n<link rel=\"canonical\" href=\"https:\/\/www.solar-system.ro\/?page_id=3874\" \/>\n<meta property=\"og:locale\" content=\"en_US\" \/>\n<meta property=\"og:type\" content=\"article\" \/>\n<meta property=\"og:title\" content=\"Invertor On Grid Trifazat Growatt MAX100~125KTL3 LV - Solar Fotovoltaic System\" \/>\n<meta property=\"og:url\" content=\"https:\/\/www.solar-system.ro\/?page_id=3874\" \/>\n<meta property=\"og:site_name\" content=\"Solar Fotovoltaic System\" \/>\n<meta property=\"article:modified_time\" content=\"2023-03-23T16:36:43+00:00\" \/>\n<meta property=\"og:image\" content=\"https:\/\/www.solar-system.ro\/wp-content\/uploads\/2023\/03\/1-100KW.jpg\" \/>\n<meta name=\"twitter:card\" content=\"summary_large_image\" \/>\n<meta name=\"twitter:label1\" content=\"Est. reading time\" \/>\n\t<meta name=\"twitter:data1\" content=\"2 minutes\" \/>\n<script type=\"application\/ld+json\" class=\"yoast-schema-graph\">{\"@context\":\"https:\/\/schema.org\",\"@graph\":[{\"@type\":\"WebPage\",\"@id\":\"https:\/\/www.solar-system.ro\/?page_id=3874\",\"url\":\"https:\/\/www.solar-system.ro\/?page_id=3874\",\"name\":\"Invertor On Grid Trifazat Growatt MAX100~125KTL3 LV - Solar Fotovoltaic System\",\"isPartOf\":{\"@id\":\"https:\/\/www.solar-system.ro\/#website\"},\"datePublished\":\"2023-03-23T13:16:05+00:00\",\"dateModified\":\"2023-03-23T16:36:43+00:00\",\"breadcrumb\":{\"@id\":\"https:\/\/www.solar-system.ro\/?page_id=3874#breadcrumb\"},\"inLanguage\":\"en-US\",\"potentialAction\":[{\"@type\":\"ReadAction\",\"target\":[\"https:\/\/www.solar-system.ro\/?page_id=3874\"]}]},{\"@type\":\"BreadcrumbList\",\"@id\":\"https:\/\/www.solar-system.ro\/?page_id=3874#breadcrumb\",\"itemListElement\":[{\"@type\":\"ListItem\",\"position\":1,\"name\":\"Home\",\"item\":\"https:\/\/www.solar-system.ro\/\"},{\"@type\":\"ListItem\",\"position\":2,\"name\":\"Invertor On Grid Trifazat Growatt MAX100~125KTL3 LV\"}]},{\"@type\":\"WebSite\",\"@id\":\"https:\/\/www.solar-system.ro\/#website\",\"url\":\"https:\/\/www.solar-system.ro\/\",\"name\":\"Solar Fotovoltaic System\",\"description\":\"Tehnologia Calitatii\",\"alternateName\":\"Panouri Fotovoltaice Oradea\",\"potentialAction\":[{\"@type\":\"SearchAction\",\"target\":{\"@type\":\"EntryPoint\",\"urlTemplate\":\"https:\/\/www.solar-system.ro\/?s={search_term_string}\"},\"query-input\":\"required name=search_term_string\"}],\"inLanguage\":\"en-US\"}]}<\/script>\n<!-- \/ Yoast SEO plugin. -->","yoast_head_json":{"title":"Invertor On Grid Trifazat Growatt MAX100~125KTL3 LV - Solar Fotovoltaic System","robots":{"index":"index","follow":"follow","max-snippet":"max-snippet:-1","max-image-preview":"max-image-preview:large","max-video-preview":"max-video-preview:-1"},"canonical":"https:\/\/www.solar-system.ro\/?page_id=3874","og_locale":"en_US","og_type":"article","og_title":"Invertor On Grid Trifazat Growatt MAX100~125KTL3 LV - Solar Fotovoltaic System","og_url":"https:\/\/www.solar-system.ro\/?page_id=3874","og_site_name":"Solar Fotovoltaic System","article_modified_time":"2023-03-23T16:36:43+00:00","og_image":[{"url":"https:\/\/www.solar-system.ro\/wp-content\/uploads\/2023\/03\/1-100KW.jpg"}],"twitter_card":"summary_large_image","twitter_misc":{"Est. reading time":"2 minutes"},"schema":{"@context":"https:\/\/schema.org","@graph":[{"@type":"WebPage","@id":"https:\/\/www.solar-system.ro\/?page_id=3874","url":"https:\/\/www.solar-system.ro\/?page_id=3874","name":"Invertor On Grid Trifazat Growatt MAX100~125KTL3 LV - Solar Fotovoltaic System","isPartOf":{"@id":"https:\/\/www.solar-system.ro\/#website"},"datePublished":"2023-03-23T13:16:05+00:00","dateModified":"2023-03-23T16:36:43+00:00","breadcrumb":{"@id":"https:\/\/www.solar-system.ro\/?page_id=3874#breadcrumb"},"inLanguage":"en-US","potentialAction":[{"@type":"ReadAction","target":["https:\/\/www.solar-system.ro\/?page_id=3874"]}]},{"@type":"BreadcrumbList","@id":"https:\/\/www.solar-system.ro\/?page_id=3874#breadcrumb","itemListElement":[{"@type":"ListItem","position":1,"name":"Home","item":"https:\/\/www.solar-system.ro\/"},{"@type":"ListItem","position":2,"name":"Invertor On Grid Trifazat Growatt MAX100~125KTL3 LV"}]},{"@type":"WebSite","@id":"https:\/\/www.solar-system.ro\/#website","url":"https:\/\/www.solar-system.ro\/","name":"Solar Fotovoltaic System","description":"Tehnologia Calitatii","alternateName":"Panouri Fotovoltaice Oradea","potentialAction":[{"@type":"SearchAction","target":{"@type":"EntryPoint","urlTemplate":"https:\/\/www.solar-system.ro\/?s={search_term_string}"},"query-input":"required name=search_term_string"}],"inLanguage":"en-US"}]}},"_links":{"self":[{"href":"https:\/\/www.solar-system.ro\/index.php?rest_route=\/wp\/v2\/pages\/3874"}],"collection":[{"href":"https:\/\/www.solar-system.ro\/index.php?rest_route=\/wp\/v2\/pages"}],"about":[{"href":"https:\/\/www.solar-system.ro\/index.php?rest_route=\/wp\/v2\/types\/page"}],"author":[{"embeddable":true,"href":"https:\/\/www.solar-system.ro\/index.php?rest_route=\/wp\/v2\/users\/1"}],"replies":[{"embeddable":true,"href":"https:\/\/www.solar-system.ro\/index.php?rest_route=%2Fwp%2Fv2%2Fcomments&post=3874"}],"version-history":[{"count":4,"href":"https:\/\/www.solar-system.ro\/index.php?rest_route=\/wp\/v2\/pages\/3874\/revisions"}],"predecessor-version":[{"id":3925,"href":"https:\/\/www.solar-system.ro\/index.php?rest_route=\/wp\/v2\/pages\/3874\/revisions\/3925"}],"wp:attachment":[{"href":"https:\/\/www.solar-system.ro\/index.php?rest_route=%2Fwp%2Fv2%2Fmedia&parent=3874"}],"curies":[{"name":"wp","href":"https:\/\/api.w.org\/{rel}","templated":true}]}}