{"id":3549,"date":"2022-10-30T08:56:21","date_gmt":"2022-10-30T08:56:21","guid":{"rendered":"http:\/\/www.solar-system.ro\/?page_id=3549"},"modified":"2022-10-30T09:06:07","modified_gmt":"2022-10-30T09:06:07","slug":"termeni","status":"publish","type":"page","link":"https:\/\/www.solar-system.ro\/?page_id=3549","title":{"rendered":"Termeni si Conditii"},"content":{"rendered":"<h2><strong>POLITICA DE PRELUCRARE A DATELOR CU CARACTER PERSONAL<\/strong><\/h2>\n<p><strong>ANGAJAMENTUL NOSTRU CU PRIVIRE LA DATELE DUMNEAVOASTR\u0102 CU CARACTER PERSONAL<\/strong><br \/>\nPolitica de Prelucrare a Datelor cu Caracter Personal descrie categoriile datelor dumneavoastr\u0103 cu caracter personal pe care le prelucr\u0103m, modalit\u0103\u021bile \u0219i scopurile \u00een care le colect\u0103m, \u00een ce situa\u021bii transfer\u0103m date cu caracter personal, precum \u0219i drepturile \u0219i op\u021biunile de care dispune\u021bi \u00een acest sens. \u00cen acela\u0219i timp, Politica de Prelucrare a Datelor cu Caracter Personal detaliaz\u0103 modul \u00een care prelucr\u0103m datele cu caracter personal \u00een gestionarea rela\u021biei cu clien\u021bii, cel mai adesea pentru a v\u0103 \u021bine la curent cu cele mai recente evolu\u021bii sau evenimente din domeniul dumneavoastr\u0103 de interes.<br \/>\n<strong>OPERATORUL DATELOR DUMNEAVOASTR\u0102 CU CARACTER\u00a0 PERSONAL<\/strong><br \/>\nOperatorul \u00een rela\u021bia cu datele dvs. cu caracter personal este SOLAR FOTOVOLTAIC SYSTEM SRL, cu sediul \u00een Oradea, Uzinelor 78A, jud Bihor, \u00eenregistrat\u0103 la Registrul Comer\u0163ului sub nr. J05\/1565\/2005, CUI RO17792550 \u00een calitate de proprietar al website-ului www.solar-system.ro<\/p>\n<p><strong>CATEGORII DE DATE CU CARACTER PERSONAL PRELUCRATE<\/strong><br \/>\nDatele cu caracter personal pe care le prelucr\u0103m pot include:<br \/>\n\u2022 Informa\u021bii de contact, cum ar fi numele dumneavoastr\u0103, adresa po\u0219tal\u0103, inclusiv adresa de domiciliu, \u00een cazul \u00een care ne-a\u021bi comunicat-o, adresa profesional\u0103, num\u0103rul de telefon, num\u0103rul de telefon mobil, num\u0103rul de fax \u0219i adresa de e-mail;<br \/>\n\u2022 Datele rezultate din navigarea dvs. pe pagina noastr\u0103 de internet colectate prin intermediul cookie-urilor \u0219i a tehnologiilor similare<\/p>\n<p><strong>TEMEIURILE JURIDICE PENTRU PRELUCRAREA DATELOR CU CARACTER PERSONAL<\/strong><br \/>\nOrice opera\u021biune de prelucrare a datelor dumneavoastr\u0103 cu caracter personal va fi efectuat\u0103 pe baza unuia dintre temeiurile juridice de mai jos:<br \/>\n\u2022 Prelucrarea este necesar\u0103 pentru \u00eencheierea sau executarea unui contract la care dumneavoastr\u0103 sunte\u021bi parte;<br \/>\n\u2022 Prelucrarea este necesar\u0103 \u00een vederea respect\u0103rii unei obliga\u021bii legale a operatorului;<br \/>\n\u2022 Prelucrarea este efectuat\u0103 \u00een temeiul consim\u021b\u0103m\u00e2ntului dumneavoastr\u0103;<br \/>\n\u2022 Prelucrarea este necesar\u0103 \u00een vederea protej\u0103rii intereselor vitale ale dumneavoastr\u0103 sau ale altei persoane fizice;<br \/>\n\u2022 Prelucrarea este necesar\u0103 \u00een scopul intereselor legitime ale SOLAR FOTOVOLTAIC SYSTEM SRL sau ale unui ter\u021b, cu excep\u021bia cazurilor \u00een care interesele sau drepturile \u0219i libert\u0103\u021bile dumneavoastr\u0103 fundamentale prevaleaz\u0103 asupra acestor interese;<br \/>\n\u2022 \u00cen cazul categoriilor speciale de date, prelucrarea se va face dac\u0103, pe l\u00e2ng\u0103 un temei juridic general de prelucrare a datelor, vor fi \u00eentrunite \u0219i una dintre urm\u0103toarele condi\u021bii specifice de prelucrare:<br \/>\n\u25e6 A fost ob\u021binut consim\u021bim\u00e2ntul persoanei vizate;<br \/>\n\u25e6 Avem o obliga\u021bie legal\u0103 de prelucrare a acestor categorii de date;<br \/>\n\u25e6 Prelucrarea este necesar\u0103 pentru constatarea, exercitarea sau ap\u0103rarea unui drept \u00een instan\u021b\u0103.<\/p>\n<p><strong>\u00ceN CE SCOPURI V\u0102 PRELUCR\u0102M DATELE CU CARACTER PERSONAL?<\/strong><br \/>\nV\u0103 putem folosi datele cu caracter personal \u00een urm\u0103toarele scopuri (\u201eScopuri Permise\u201d):<br \/>\n\u2022 Oferirea de servicii de transport marfa, servicii de tractari, servicii spalare autoutilitaresi parcare.<br \/>\n\u2022 Gestionarea \u0219i administrarea rela\u021biei contractuale cu clien\u021bii no\u0219tri;<br \/>\n\u2022 Respectarea obliga\u021biilor noastre legale<br \/>\n\u2022 Analizarea \u0219i \u00eembun\u0103t\u0103\u021birea serviciilor \u0219i comunic\u0103rilor noastre c\u0103tre dumneavoastr\u0103, inclusiv\u00a0 (\u00eentruc\u00e2t avem un interes legitim s\u0103 ne \u00eembun\u0103t\u0103\u021bim \u00een mod continuu serviciile) efectuarea de sondaje \u00een r\u00e2ndul clien\u021bilor cu privire la nivelul de satisfac\u021bie al clien\u021bilor cu privire serviciile oferite de societatea SOLAR FOTOVOLTAIC SYSTEM SRL \u0219i<br \/>\n\u2022 \u00cen orice scop aferent \u0219i\/sau auxiliar oric\u0103rora dintre cele de mai sus, sau \u00een orice alt scop pentru care datele dumneavoastr\u0103 cu caracter personal ne-au fost furnizate, cu respectarea legisla\u021biei aplicabile.<br \/>\nDe asemenea, pe baza consim\u021b\u0103m\u00e2ntului dumneavoastr\u0103, v\u0103 putem transmite diverse comunic\u0103ri prin canalele pe care le-a\u021bi aprobat pentru a v\u0103 \u021bine la curent cu privire la serviciile, produsele, evenimentele \u0219i proiectele Lancetti Transport SRL sau alte evenimente promo\u021bionale.<\/p>\n<p><strong>C\u00c2T TIMP P\u0102STR\u0102M DATELE DUMNEAVOASTR\u0102 CU CARACTER PERSONAL?<\/strong> SOLAR FOTOVOLTAIC SYSTEM SRL a implementat m\u0103suri tehnice \u0219i organizatorice pentru organizarea procesului \u0219i a criteriilor specifice pentru p\u0103strarea datelor dumneavoastr\u0103 cu caracter personal (inclusiv conform procedurilor noastre de arhivare).<br \/>\nVom \u00eenceta prelucrarea datelor cu caracter personal atunci c\u00e2nd nu mai sunt necesare \u00een mod rezonabil \u00een Scopurile Permise, ori atunci c\u00e2nd v\u0103 retrage\u021bi consim\u021b\u0103m\u00e2ntul (dac\u0103 este cazul) \u0219i nu mai exist\u0103 motive legitime \u0219i imperioase care justific\u0103 prelucrarea \u00een continuare de c\u0103tre Lancetti Transport SRL (inclusiv obliga\u021bia legal\u0103 a SOLAR FOTOVOLTAIC SYSTEM SRL de a continua s\u0103 stocheze datele respective) \u0219i care prevaleaz\u0103 asupra intereselor, drepturilor \u0219i libert\u0103\u021bilor dumneavoastr\u0103.<\/p>\n<p><strong>DREPTURILE DUMNEAVOASTR\u0102 \u00ceN LEG\u0102TUR\u0102 CU PRELUCRAREA DATELOR CU CARACTER PERSONAL<\/strong><br \/>\nSub rezerva anumitor condi\u021bii legale, ave\u021bi urm\u0103toarele drepturi \u00een leg\u0103tur\u0103 cu prelucrarea datelor dumneavoastr\u0103 cu caracter personal:<br \/>\n\u2022 Dreptul de a solicita o copie a datelor cu caracter personal referitoare la dumneavoastr\u0103 pe care le de\u021binem;<br \/>\n\u2022 Dreptul la rectificarea oric\u0103ror date cu caracter personal incorecte sau incomplete;<br \/>\n\u2022 Dreptul la opozi\u021bie sau la restric\u021bionarea utiliz\u0103rii de c\u0103tre noi a datelor dumneavoastr\u0103 cu caracter personal;<br \/>\n\u2022 Dreptul de a v\u0103 retrage consim\u021b\u0103m\u00e2ntul pentru prelucrarea datelor prelucrate pe baz\u0103 de consim\u021b\u0103m\u00e2nt;<br \/>\n\u2022 Dreptul la \u0219tergerea datelor dumneavoastr\u0103 cu caracter personal, \u00een situa\u021biile \u00een care v-a\u021bi retras consim\u021b\u0103m\u00e2ntul, prelucrarea nu mai este necesar\u0103 sau prelucrarea respectiv\u0103 este contrar\u0103 legii;<br \/>\n\u2022 Dreptul la portabilitatea datelor ce v\u0103 permite s\u0103 primi\u021bi o copie a datelor prelucrate pe care le-am primit de la dumneavoastr\u0103 sau s\u0103 le transmitem unei alte entit\u0103\u021bi indicate de dumneavoastr\u0103;<br \/>\n\u2022 Dreptul de a v\u0103 retrage consim\u021b\u0103m\u00e2ntul pentru prelucr\u0103rile efectuate pe baz\u0103 de consim\u021b\u0103m\u00e2nt. Retragerea consim\u021b\u0103m\u00e2ntului dumneavoastr\u0103 nu va afecta legalitatea prelucr\u0103rii pe baza consim\u021b\u0103m\u00e2ntului de dinaintea retragerii acestuia. \u00cen cazurile \u00een care v\u0103 retrage\u021bi consim\u021b\u0103m\u00e2ntul, SOLAR FOTOVOLTAIC SYSTEM SRL nu va mai prelucra datele dumneavoastr\u0103 cu caracter personal \u0219i va lua m\u0103surile corespunz\u0103toare pentru \u0219tergerea datelor dumneavoastr\u0103 cu caracter personal. SOLAR FOTOVOLTAIC SYSTEM SRL va putea, totu\u0219i, prelucra datele dvs. cu caracter personal dac\u0103 exist\u0103 un alt temei legal pentru respectiva prelucrare.<br \/>\nDac\u0103 dori\u021bi s\u0103 v\u0103 exercita\u021bi drepturile men\u021bionate mai sus, v\u0103 rug\u0103m s\u0103 ne contacta\u021bi, folosind urm\u0103toarele detalii de contact:<br \/>\n\u2022 ADRESAStr. Uzinelor 78A, Oradea, Bihor, Romania, 410605<br \/>\n\u2022 E-mail:\u00a0 secretariat@lancetti.ro; office@lancetti.ro<br \/>\n\u2022 Fax: +40259414602; Tel.0259414601<br \/>\n\u00cen ceea ce prive\u0219te comunic\u0103rile de marketing primite de la noi, pute\u021bi, de asemenea, s\u0103 v\u0103 retrage\u021bi consim\u021b\u0103m\u00e2ntul \u00een orice moment prin simpla accesare a linkului de \u201ddezabonare\u201d de la subsolul fiec\u0103rui mesaj primit prin e-mail de la noi.<br \/>\nPentru a ne conforma obliga\u021biilor legale de securitate \u0219i confiden\u021bialitate a datelor ce ne revin, atunci c\u00e2nd v\u0103 exercita\u021bi unul dintre drepturile de care beneficia\u021bi \u00een calitate de persoan\u0103 vizat\u0103, este posibil s\u0103 v\u0103 cerem s\u0103 v\u0103 dovedi\u021bi identitatea, comunic\u00e2ndu-ne o copie unui document identificare sau orice alte informa\u021bii necesare pentru a verifica faptul c\u0103 solicitarea vine din partea persoanei vizate relevante.<br \/>\nVom lua \u00een considerare orice solicit\u0103ri sau pl\u00e2ngeri pe care le primim \u0219i v\u0103 vom transmite un r\u0103spuns cu respectarea termenelor prev\u0103zute de lege. Dac\u0103 nu sunte\u021bi mul\u021bumit de r\u0103spunsul nostru sau considera\u021bi c\u0103 prelucrarea este f\u0103cut\u0103 cu \u00eenc\u0103lcarea legisla\u021biei aplicabile, pute\u021bi formula o pl\u00e2ngere la autoritatea de supraveghere a datelor din Rom\u00e2nia:\u00a0Autoritatea Na\u021bional\u0103 de Supraveghere a Prelucr\u0103rii Datelor cu Caracter Personal \u2013 cu sediul \u00een Bd. Gheorghe Magheru nr. 28-30, Bucure\u0219ti, Rom\u00e2nia.<\/p>\n<p><strong>ACTUALIZ\u0102RI ALE ACESTEI POLITICI DE PRELUCRARE A DATELOR CU CARACTER PERSONAL<\/strong><br \/>\nCea mai recent\u0103 actualizare a acestei Politici de Prelucrare a Datelor cu Caracter Personal a fost realizat\u0103 \u00een luna Mai 2018. Ne rezerv\u0103m dreptul de a actualiza \u0219i modifica periodic aceast\u0103 Politic\u0103 de Prelucrare a Datelor cu Caracter Personal, pentru a reflecta orice modific\u0103ri ale modului \u00een care prelucr\u0103m datele dumneavoastr\u0103 cu caracter personal sau orice modific\u0103ri ale cerin\u021belor legale. \u00cen cazul oric\u0103rei astfel de modific\u0103ri, vom afi\u0219a pe pagina noastr\u0103 de internet versiunea modificat\u0103 a Politicii de Prelucrare a Datelor cu Caracter Personal \u0219i\/sau o v\u0103 vom pune la dispozi\u021bie \u00een alt mod.<\/p>\n","protected":false},"excerpt":{"rendered":"<p>POLITICA DE PRELUCRARE A DATELOR CU CARACTER PERSONAL ANGAJAMENTUL NOSTRU CU PRIVIRE LA DATELE DUMNEAVOASTR\u0102 CU CARACTER PERSONAL Politica de Prelucrare a Datelor cu Caracter Personal descrie categoriile datelor dumneavoastr\u0103 cu caracter personal pe care le prelucr\u0103m, modalit\u0103\u021bile \u0219i scopurile \u00een care le colect\u0103m, \u00een ce situa\u021bii transfer\u0103m date cu caracter personal, precum \u0219i drepturile \u0219i op\u021biunile de care dispune\u021bi \u00een acest sens. \u00cen acela\u0219i timp, Politica de Prelucrare a Datelor cu Caracter Personal detaliaz\u0103 modul \u00een care prelucr\u0103m datele cu caracter personal \u00een gestionarea rela\u021biei cu clien\u021bii, cel mai adesea pentru a v\u0103 \u021bine la curent cu cele mai<\/p>\n","protected":false},"author":1,"featured_media":0,"parent":0,"menu_order":0,"comment_status":"closed","ping_status":"closed","template":"","meta":{"om_disable_all_campaigns":false,"_mi_skip_tracking":false},"aioseo_notices":[],"yoast_head":"<!-- This site is optimized with the Yoast SEO plugin v20.4 - https:\/\/yoast.com\/wordpress\/plugins\/seo\/ -->\n<title>Termeni si Conditii - Solar Fotovoltaic System<\/title>\n<meta name=\"robots\" content=\"index, follow, max-snippet:-1, max-image-preview:large, max-video-preview:-1\" \/>\n<link rel=\"canonical\" href=\"https:\/\/www.solar-system.ro\/?page_id=3549\" \/>\n<meta property=\"og:locale\" content=\"en_US\" \/>\n<meta property=\"og:type\" content=\"article\" \/>\n<meta property=\"og:title\" content=\"Termeni si Conditii - Solar Fotovoltaic System\" \/>\n<meta property=\"og:description\" content=\"POLITICA DE PRELUCRARE A DATELOR CU CARACTER PERSONAL ANGAJAMENTUL NOSTRU CU PRIVIRE LA DATELE DUMNEAVOASTR\u0102 CU CARACTER PERSONAL Politica de Prelucrare a Datelor cu Caracter Personal descrie categoriile datelor dumneavoastr\u0103 cu caracter personal pe care le prelucr\u0103m, modalit\u0103\u021bile \u0219i scopurile \u00een care le colect\u0103m, \u00een ce situa\u021bii transfer\u0103m date cu caracter personal, precum \u0219i drepturile \u0219i op\u021biunile de care dispune\u021bi \u00een acest sens. \u00cen acela\u0219i timp, Politica de Prelucrare a Datelor cu Caracter Personal detaliaz\u0103 modul \u00een care prelucr\u0103m datele cu caracter personal \u00een gestionarea rela\u021biei cu clien\u021bii, cel mai adesea pentru a v\u0103 \u021bine la curent cu cele mai\" \/>\n<meta property=\"og:url\" content=\"https:\/\/www.solar-system.ro\/?page_id=3549\" \/>\n<meta property=\"og:site_name\" content=\"Solar Fotovoltaic System\" \/>\n<meta property=\"article:modified_time\" content=\"2022-10-30T09:06:07+00:00\" \/>\n<meta name=\"twitter:card\" content=\"summary_large_image\" \/>\n<meta name=\"twitter:label1\" content=\"Est. reading time\" \/>\n\t<meta name=\"twitter:data1\" content=\"6 minutes\" \/>\n<script type=\"application\/ld+json\" class=\"yoast-schema-graph\">{\"@context\":\"https:\/\/schema.org\",\"@graph\":[{\"@type\":\"WebPage\",\"@id\":\"https:\/\/www.solar-system.ro\/?page_id=3549\",\"url\":\"https:\/\/www.solar-system.ro\/?page_id=3549\",\"name\":\"Termeni si Conditii - Solar Fotovoltaic System\",\"isPartOf\":{\"@id\":\"https:\/\/www.solar-system.ro\/#website\"},\"datePublished\":\"2022-10-30T08:56:21+00:00\",\"dateModified\":\"2022-10-30T09:06:07+00:00\",\"breadcrumb\":{\"@id\":\"https:\/\/www.solar-system.ro\/?page_id=3549#breadcrumb\"},\"inLanguage\":\"en-US\",\"potentialAction\":[{\"@type\":\"ReadAction\",\"target\":[\"https:\/\/www.solar-system.ro\/?page_id=3549\"]}]},{\"@type\":\"BreadcrumbList\",\"@id\":\"https:\/\/www.solar-system.ro\/?page_id=3549#breadcrumb\",\"itemListElement\":[{\"@type\":\"ListItem\",\"position\":1,\"name\":\"Home\",\"item\":\"https:\/\/www.solar-system.ro\/\"},{\"@type\":\"ListItem\",\"position\":2,\"name\":\"Termeni si Conditii\"}]},{\"@type\":\"WebSite\",\"@id\":\"https:\/\/www.solar-system.ro\/#website\",\"url\":\"https:\/\/www.solar-system.ro\/\",\"name\":\"Solar Fotovoltaic System\",\"description\":\"Tehnologia Calitatii\",\"alternateName\":\"Panouri Fotovoltaice Oradea\",\"potentialAction\":[{\"@type\":\"SearchAction\",\"target\":{\"@type\":\"EntryPoint\",\"urlTemplate\":\"https:\/\/www.solar-system.ro\/?s={search_term_string}\"},\"query-input\":\"required name=search_term_string\"}],\"inLanguage\":\"en-US\"}]}<\/script>\n<!-- \/ Yoast SEO plugin. -->","yoast_head_json":{"title":"Termeni si Conditii - Solar Fotovoltaic System","robots":{"index":"index","follow":"follow","max-snippet":"max-snippet:-1","max-image-preview":"max-image-preview:large","max-video-preview":"max-video-preview:-1"},"canonical":"https:\/\/www.solar-system.ro\/?page_id=3549","og_locale":"en_US","og_type":"article","og_title":"Termeni si Conditii - Solar Fotovoltaic System","og_description":"POLITICA DE PRELUCRARE A DATELOR CU CARACTER PERSONAL ANGAJAMENTUL NOSTRU CU PRIVIRE LA DATELE DUMNEAVOASTR\u0102 CU CARACTER PERSONAL Politica de Prelucrare a Datelor cu Caracter Personal descrie categoriile datelor dumneavoastr\u0103 cu caracter personal pe care le prelucr\u0103m, modalit\u0103\u021bile \u0219i scopurile \u00een care le colect\u0103m, \u00een ce situa\u021bii transfer\u0103m date cu caracter personal, precum \u0219i drepturile \u0219i op\u021biunile de care dispune\u021bi \u00een acest sens. \u00cen acela\u0219i timp, Politica de Prelucrare a Datelor cu Caracter Personal detaliaz\u0103 modul \u00een care prelucr\u0103m datele cu caracter personal \u00een gestionarea rela\u021biei cu clien\u021bii, cel mai adesea pentru a v\u0103 \u021bine la curent cu cele mai","og_url":"https:\/\/www.solar-system.ro\/?page_id=3549","og_site_name":"Solar Fotovoltaic System","article_modified_time":"2022-10-30T09:06:07+00:00","twitter_card":"summary_large_image","twitter_misc":{"Est. reading time":"6 minutes"},"schema":{"@context":"https:\/\/schema.org","@graph":[{"@type":"WebPage","@id":"https:\/\/www.solar-system.ro\/?page_id=3549","url":"https:\/\/www.solar-system.ro\/?page_id=3549","name":"Termeni si Conditii - Solar Fotovoltaic System","isPartOf":{"@id":"https:\/\/www.solar-system.ro\/#website"},"datePublished":"2022-10-30T08:56:21+00:00","dateModified":"2022-10-30T09:06:07+00:00","breadcrumb":{"@id":"https:\/\/www.solar-system.ro\/?page_id=3549#breadcrumb"},"inLanguage":"en-US","potentialAction":[{"@type":"ReadAction","target":["https:\/\/www.solar-system.ro\/?page_id=3549"]}]},{"@type":"BreadcrumbList","@id":"https:\/\/www.solar-system.ro\/?page_id=3549#breadcrumb","itemListElement":[{"@type":"ListItem","position":1,"name":"Home","item":"https:\/\/www.solar-system.ro\/"},{"@type":"ListItem","position":2,"name":"Termeni si Conditii"}]},{"@type":"WebSite","@id":"https:\/\/www.solar-system.ro\/#website","url":"https:\/\/www.solar-system.ro\/","name":"Solar Fotovoltaic System","description":"Tehnologia Calitatii","alternateName":"Panouri Fotovoltaice Oradea","potentialAction":[{"@type":"SearchAction","target":{"@type":"EntryPoint","urlTemplate":"https:\/\/www.solar-system.ro\/?s={search_term_string}"},"query-input":"required name=search_term_string"}],"inLanguage":"en-US"}]}},"_links":{"self":[{"href":"https:\/\/www.solar-system.ro\/index.php?rest_route=\/wp\/v2\/pages\/3549"}],"collection":[{"href":"https:\/\/www.solar-system.ro\/index.php?rest_route=\/wp\/v2\/pages"}],"about":[{"href":"https:\/\/www.solar-system.ro\/index.php?rest_route=\/wp\/v2\/types\/page"}],"author":[{"embeddable":true,"href":"https:\/\/www.solar-system.ro\/index.php?rest_route=\/wp\/v2\/users\/1"}],"replies":[{"embeddable":true,"href":"https:\/\/www.solar-system.ro\/index.php?rest_route=%2Fwp%2Fv2%2Fcomments&post=3549"}],"version-history":[{"count":13,"href":"https:\/\/www.solar-system.ro\/index.php?rest_route=\/wp\/v2\/pages\/3549\/revisions"}],"predecessor-version":[{"id":3564,"href":"https:\/\/www.solar-system.ro\/index.php?rest_route=\/wp\/v2\/pages\/3549\/revisions\/3564"}],"wp:attachment":[{"href":"https:\/\/www.solar-system.ro\/index.php?rest_route=%2Fwp%2Fv2%2Fmedia&parent=3549"}],"curies":[{"name":"wp","href":"https:\/\/api.w.org\/{rel}","templated":true}]}}